{"id":2240,"date":"2025-07-16T10:40:31","date_gmt":"2025-07-16T08:40:31","guid":{"rendered":"https:\/\/www.dubai-marina-living.com\/activities-in-dubai\/"},"modified":"2025-12-04T13:01:47","modified_gmt":"2025-12-04T12:01:47","slug":"activities-in-dubai","status":"publish","type":"page","link":"https:\/\/www.dubai-marina-living.com\/en\/activities-in-dubai\/","title":{"rendered":"Activities in Dubai"},"content":{"rendered":"\t\t<div data-elementor-type=\"wp-page\" data-elementor-id=\"2240\" class=\"elementor elementor-2240 elementor-1935\" data-elementor-settings=\"{&quot;element_pack_global_tooltip_width&quot;:{&quot;unit&quot;:&quot;px&quot;,&quot;size&quot;:&quot;&quot;,&quot;sizes&quot;:[]},&quot;element_pack_global_tooltip_width_laptop&quot;:{&quot;unit&quot;:&quot;px&quot;,&quot;size&quot;:&quot;&quot;,&quot;sizes&quot;:[]},&quot;element_pack_global_tooltip_width_tablet&quot;:{&quot;unit&quot;:&quot;px&quot;,&quot;size&quot;:&quot;&quot;,&quot;sizes&quot;:[]},&quot;element_pack_global_tooltip_width_mobile&quot;:{&quot;unit&quot;:&quot;px&quot;,&quot;size&quot;:&quot;&quot;,&quot;sizes&quot;:[]},&quot;element_pack_global_tooltip_padding&quot;:{&quot;unit&quot;:&quot;px&quot;,&quot;top&quot;:&quot;&quot;,&quot;right&quot;:&quot;&quot;,&quot;bottom&quot;:&quot;&quot;,&quot;left&quot;:&quot;&quot;,&quot;isLinked&quot;:true},&quot;element_pack_global_tooltip_padding_laptop&quot;:{&quot;unit&quot;:&quot;px&quot;,&quot;top&quot;:&quot;&quot;,&quot;right&quot;:&quot;&quot;,&quot;bottom&quot;:&quot;&quot;,&quot;left&quot;:&quot;&quot;,&quot;isLinked&quot;:true},&quot;element_pack_global_tooltip_padding_tablet&quot;:{&quot;unit&quot;:&quot;px&quot;,&quot;top&quot;:&quot;&quot;,&quot;right&quot;:&quot;&quot;,&quot;bottom&quot;:&quot;&quot;,&quot;left&quot;:&quot;&quot;,&quot;isLinked&quot;:true},&quot;element_pack_global_tooltip_padding_mobile&quot;:{&quot;unit&quot;:&quot;px&quot;,&quot;top&quot;:&quot;&quot;,&quot;right&quot;:&quot;&quot;,&quot;bottom&quot;:&quot;&quot;,&quot;left&quot;:&quot;&quot;,&quot;isLinked&quot;:true},&quot;element_pack_global_tooltip_border_radius&quot;:{&quot;unit&quot;:&quot;px&quot;,&quot;top&quot;:&quot;&quot;,&quot;right&quot;:&quot;&quot;,&quot;bottom&quot;:&quot;&quot;,&quot;left&quot;:&quot;&quot;,&quot;isLinked&quot;:true},&quot;element_pack_global_tooltip_border_radius_laptop&quot;:{&quot;unit&quot;:&quot;px&quot;,&quot;top&quot;:&quot;&quot;,&quot;right&quot;:&quot;&quot;,&quot;bottom&quot;:&quot;&quot;,&quot;left&quot;:&quot;&quot;,&quot;isLinked&quot;:true},&quot;element_pack_global_tooltip_border_radius_tablet&quot;:{&quot;unit&quot;:&quot;px&quot;,&quot;top&quot;:&quot;&quot;,&quot;right&quot;:&quot;&quot;,&quot;bottom&quot;:&quot;&quot;,&quot;left&quot;:&quot;&quot;,&quot;isLinked&quot;:true},&quot;element_pack_global_tooltip_border_radius_mobile&quot;:{&quot;unit&quot;:&quot;px&quot;,&quot;top&quot;:&quot;&quot;,&quot;right&quot;:&quot;&quot;,&quot;bottom&quot;:&quot;&quot;,&quot;left&quot;:&quot;&quot;,&quot;isLinked&quot;:true}}\" data-elementor-post-type=\"page\">\n\t\t\t\t<section class=\"elementor-element elementor-element-7c0d962 e-flex e-con-boxed e-con e-parent\" data-id=\"7c0d962\" data-element_type=\"container\" data-settings=\"{&quot;background_background&quot;:&quot;classic&quot;}\">\n\t\t\t\t\t<div class=\"e-con-inner\">\n\t\t<div class=\"elementor-element elementor-element-55c79ca e-con-full e-flex e-con e-child\" data-id=\"55c79ca\" data-element_type=\"container\">\n\t\t\t\t<div class=\"elementor-element elementor-element-afb21f0 elementor-widget elementor-widget-heading\" data-id=\"afb21f0\" data-element_type=\"widget\" data-widget_type=\"heading.default\">\n\t\t\t\t\t<h1 class=\"elementor-heading-title elementor-size-default\">Activities in Dubai<\/h1>\t\t\t\t<\/div>\n\t\t\t\t<\/div>\n\t\t<div class=\"elementor-element elementor-element-f6bd721 e-con-full e-flex e-con e-child\" data-id=\"f6bd721\" data-element_type=\"container\" data-settings=\"{&quot;background_background&quot;:&quot;classic&quot;}\">\n\t\t\r\n\t\t<div class=\"elementor-element elementor-element-aae809e elementor-widget elementor-widget-text-editor\" data-id=\"aae809e\" data-element_type=\"widget\" data-widget_type=\"text-editor.default\">\n\t\t\t\t\t\t\t\t\t<article class=\"text-token-text-primary w-full\" dir=\"auto\" data-testid=\"conversation-turn-22\" data-scroll-anchor=\"true\"><div class=\"text-base my-auto mx-auto py-5 [--thread-content-margin:--spacing(4)] @[37rem]:[--thread-content-margin:--spacing(6)] @[72rem]:[--thread-content-margin:--spacing(16)] px-(--thread-content-margin)\"><div class=\"[--thread-content-max-width:32rem] @[34rem]:[--thread-content-max-width:40rem] @[64rem]:[--thread-content-max-width:48rem] mx-auto flex max-w-(--thread-content-max-width) flex-1 text-base gap-4 md:gap-5 lg:gap-6 group\/turn-messages focus-visible:outline-hidden\" tabindex=\"-1\"><div class=\"group\/conversation-turn relative flex w-full min-w-0 flex-col agent-turn\"><div class=\"relative flex-col gap-1 md:gap-3\"><div class=\"flex max-w-full flex-col grow\"><div class=\"min-h-8 text-message relative flex w-full flex-col items-end gap-2 text-start break-words whitespace-normal [.text-message+&amp;]:mt-5\" dir=\"auto\" data-message-author-role=\"assistant\" data-message-id=\"fef6e504-4fc8-4abe-adfe-722eb8466de2\" data-message-model-slug=\"gpt-4o\"><div class=\"flex w-full flex-col gap-1 empty:hidden first:pt-[3px]\"><div class=\"markdown prose dark:prose-invert w-full break-words dark\"><p data-start=\"350\" data-end=\"613\">Whether spectacular architecture, luxurious shopping or adventures in the desert &#8211; <strong data-start=\"429\" data-end=\"483\">Dubai offers experiences to remember<\/strong>.<\/p><\/div><\/div><\/div><\/div><\/div><\/div><\/div><\/div><\/article>\t\t\t\t\t\t\t\t<\/div>\n\t\t\t\t<\/div>\n\t\t\t\t\t<\/div>\n\t\t\t\t<\/section>\n\t\t<section class=\"elementor-element elementor-element-5a48ab7 e-flex e-con-boxed e-con e-parent\" data-id=\"5a48ab7\" data-element_type=\"container\">\n\t\t\t\t\t<div class=\"e-con-inner\">\n\t\t\t\t<div class=\"elementor-element elementor-element-d97645d elementor-widget elementor-widget-image\" data-id=\"d97645d\" data-element_type=\"widget\" data-widget_type=\"image.default\">\n\t\t\t\t\t\t\t\t\t\t\t\t\t\t\t<img fetchpriority=\"high\" decoding=\"async\" width=\"1920\" height=\"1280\" src=\"https:\/\/www.dubai-marina-living.com\/wp-content\/uploads\/2025\/07\/skyline-dubai.webp\" class=\"attachment-full size-full wp-image-2241\" alt=\"Eine Luftaufnahme einer Stadt bei Sonnenuntergang\" srcset=\"https:\/\/www.dubai-marina-living.com\/wp-content\/uploads\/2025\/07\/skyline-dubai.webp 1920w, https:\/\/www.dubai-marina-living.com\/wp-content\/uploads\/2025\/07\/skyline-dubai-300x200.webp 300w, https:\/\/www.dubai-marina-living.com\/wp-content\/uploads\/2025\/07\/skyline-dubai-1024x683.webp 1024w, https:\/\/www.dubai-marina-living.com\/wp-content\/uploads\/2025\/07\/skyline-dubai-768x512.webp 768w, https:\/\/www.dubai-marina-living.com\/wp-content\/uploads\/2025\/07\/skyline-dubai-1536x1024.webp 1536w\" sizes=\"(max-width: 1920px) 100vw, 1920px\" title=\"\">\t\t\t\t\t\t\t\t\t\t\t\t\t\t\t<\/div>\n\t\t\t\t\t<\/div>\n\t\t\t\t<\/section>\n\t\t<div class=\"elementor-element elementor-element-262da86 e-flex e-con-boxed e-con e-parent\" data-id=\"262da86\" data-element_type=\"container\">\n\t\t\t\t\t<div class=\"e-con-inner\">\n\t\t\t\t<div class=\"elementor-element elementor-element-0551411 elementor-widget elementor-widget-heading\" data-id=\"0551411\" data-element_type=\"widget\" data-widget_type=\"heading.default\">\n\t\t\t\t\t<h2 class=\"elementor-heading-title elementor-size-default\">Experience the diversity of the desert metropolis<\/h2>\t\t\t\t<\/div>\n\t\t\t\t<div class=\"elementor-element elementor-element-e06ade3 elementor-widget-divider--view-line elementor-invisible elementor-widget elementor-widget-divider\" data-id=\"e06ade3\" data-element_type=\"widget\" data-settings=\"{&quot;motion_fx_motion_fx_scrolling&quot;:&quot;yes&quot;,&quot;_animation&quot;:&quot;fadeInLeft&quot;,&quot;motion_fx_devices&quot;:[&quot;desktop&quot;,&quot;laptop&quot;,&quot;tablet&quot;,&quot;mobile&quot;]}\" data-widget_type=\"divider.default\">\n\t\t\t\t\t\t\t<div class=\"elementor-divider\">\n\t\t\t<span class=\"elementor-divider-separator\">\n\t\t\t\t\t\t<\/span>\n\t\t<\/div>\n\t\t\t\t\t\t<\/div>\n\t\t\t\t<div class=\"elementor-element elementor-element-557260a elementor-widget elementor-widget-text-editor\" data-id=\"557260a\" data-element_type=\"widget\" data-widget_type=\"text-editor.default\">\n\t\t\t\t\t\t\t\t\t<p data-start=\"335\" data-end=\"712\">Dubai is a city of superlatives &#8211; and that&#8217;s exactly what makes it so fascinating. Between the glittering skyline, endless desert and turquoise blue sea, a world full of contrasts and opportunities awaits. Whether it&#8217;s spectacular views from the Burj Khalifa, a relaxing day at JBR Beach or an exciting desert safari at sunset &#8211; in Dubai, every day is a new adventure.<\/p><p data-start=\"714\" data-end=\"951\"><strong>The city offers something for everyone:<\/strong> sightseeing and shopping, relaxation and action, modern architecture and traditional markets. And the best part? Many experiences are very close to your apartment at Dubai Marina. Discover the most popular sights and activities in Dubai now.<\/p>\t\t\t\t\t\t\t\t<\/div>\n\t\t\t\t\t<\/div>\n\t\t\t\t<\/div>\n\t\t<div class=\"elementor-element elementor-element-b1b746a e-flex e-con-boxed e-con e-parent\" data-id=\"b1b746a\" data-element_type=\"container\">\n\t\t\t\t\t<div class=\"e-con-inner\">\n\t\t\t\t<div class=\"elementor-element elementor-element-5f68038 elementor-widget elementor-widget-aronda_gallery\" data-id=\"5f68038\" data-element_type=\"widget\" data-widget_type=\"aronda_gallery.default\">\n\t\t\t\t<div class=\"elementor-widget-container\">\n\t\t\t\t\t<div class=\"filter-gallery\"><div class=\"filter\"><div class=\"filter-control\"><ul class=\"filter-list\"><li><a class=\"filter-entry active\" data-filter=\"all\" data-filter-id=\"0\" class=\"active\" href=\"javascript:;\">Alle<\/a><\/li><li><a id=\"filter1\" class=\"filter-entry\" data-filter=\"sehensw\u00fcrdigkeiten\" data-filter-id=\"1\" href=\"javascript:;\">Sehensw\u00fcrdigkeiten<\/a><\/li><li><a id=\"filter2\" class=\"filter-entry\" data-filter=\"shopping\" data-filter-id=\"2\" href=\"javascript:;\">Shopping<\/a><\/li><li><a id=\"filter2\" class=\"filter-entry\" data-filter=\"freizeit_&_erholung\" data-filter-id=\"3\" href=\"javascript:;\">Freizeit & Erholung<\/a><\/li><li><a id=\"filter2\" class=\"filter-entry\" data-filter=\"action\" data-filter-id=\"4\" href=\"javascript:;\">Action<\/a><\/li><li><a id=\"filter2\" class=\"filter-entry\" data-filter=\"kultur\" data-filter-id=\"5\" href=\"javascript:;\">Kultur<\/a><\/li><\/ul><\/div><\/div><div id=\"5f68038\" class=\"gallery-content masonry\" data-order-by=\"random\" data-post-id=\"2240\" data-images-start=\"10\" data-total-images=\"10\" data-gap=\"20\" data-animation=\"true\" data-add-desktop=\"\" data-add-laptop=\"\" data-add-tablet=\"\" data-add-mobile=\"\"><div class=\"masonry-item invisible \"><figure class=\"gallery-entry\" data-keyword0=\"Sehensw\u00fcrdigkeiten\"  > <div class=\"caption-fixed caption-fixed--left caption-fixed--bottom\">Burj Khalifa<\/div>  <div class=\"full-link-overlay\"><a data-elementor-open-lightbox=\"yes\" data-elementor-lightbox-slideshow=\"5f68038\" class=\"full-link-lightbox\" aria-label=\"open image in lightbox\" href=\"https:\/\/www.dubai-marina-living.com\/wp-content\/uploads\/2025\/07\/burj-khalifa.webp\"><\/a><\/div> <div class=\"color-overlay\"><\/div> <img decoding=\"async\" loading=\"lazy\" class=\"gallery-img\" src=\"https:\/\/www.dubai-marina-living.com\/wp-content\/uploads\/2025\/07\/burj-khalifa.webp\" alt=\"Ein sehr hohes Geb\u00e4ude, das \u00fcber einem Wasserbecken thront\" title=\"\"> <\/figure><\/div><div class=\"masonry-item invisible \"><figure class=\"gallery-entry\" data-keyword0=\"Shopping\"  > <div class=\"caption-fixed caption-fixed--left caption-fixed--bottom\">Gold Souk<\/div>  <div class=\"full-link-overlay\"><a data-elementor-open-lightbox=\"yes\" data-elementor-lightbox-slideshow=\"5f68038\" class=\"full-link-lightbox\" aria-label=\"open image in lightbox\" href=\"https:\/\/www.dubai-marina-living.com\/wp-content\/uploads\/2025\/07\/gold-souk.webp\"><\/a><\/div> <div class=\"color-overlay\"><\/div> <img decoding=\"async\" loading=\"lazy\" class=\"gallery-img\" src=\"https:\/\/www.dubai-marina-living.com\/wp-content\/uploads\/2025\/07\/gold-souk.webp\" alt=\"Eine Ausstellung von Goldschmuck in einem Gesch\u00e4ft\" title=\"\"> <\/figure><\/div><div class=\"masonry-item invisible \"><figure class=\"gallery-entry\" data-keyword0=\"Shopping\"  > <div class=\"caption-fixed caption-fixed--left caption-fixed--bottom\">Dubai Mall<\/div>  <div class=\"full-link-overlay\"><a data-elementor-open-lightbox=\"yes\" data-elementor-lightbox-slideshow=\"5f68038\" class=\"full-link-lightbox\" aria-label=\"open image in lightbox\" href=\"https:\/\/www.dubai-marina-living.com\/wp-content\/uploads\/2025\/07\/dubai-mall.webp\"><\/a><\/div> <div class=\"color-overlay\"><\/div> <img decoding=\"async\" loading=\"lazy\" class=\"gallery-img\" src=\"https:\/\/www.dubai-marina-living.com\/wp-content\/uploads\/2025\/07\/dubai-mall.webp\" alt=\"Ein gro\u00dfer Wasserfall im Inneren eines Geb\u00e4udes neben einer Glasdecke\" title=\"\"> <\/figure><\/div><div class=\"masonry-item invisible \"><figure class=\"gallery-entry\" data-keyword0=\"Sehensw\u00fcrdigkeiten\"  > <div class=\"caption-fixed caption-fixed--left caption-fixed--bottom\">Ain Dubai<\/div>  <div class=\"full-link-overlay\"><a data-elementor-open-lightbox=\"yes\" data-elementor-lightbox-slideshow=\"5f68038\" class=\"full-link-lightbox\" aria-label=\"open image in lightbox\" href=\"https:\/\/www.dubai-marina-living.com\/wp-content\/uploads\/2025\/07\/ain-dubai.webp\"><\/a><\/div> <div class=\"color-overlay\"><\/div> <img decoding=\"async\" loading=\"lazy\" class=\"gallery-img\" src=\"https:\/\/www.dubai-marina-living.com\/wp-content\/uploads\/2025\/07\/ain-dubai.webp\" alt=\"Ein gro\u00dfes Riesenrad neben einem Gew\u00e4sser\" title=\"\"> <\/figure><\/div><div class=\"masonry-item invisible \"><figure class=\"gallery-entry\" data-keyword0=\"Action\"  > <div class=\"caption-fixed caption-fixed--left caption-fixed--bottom\">Sky Views Observatory<\/div>  <div class=\"full-link-overlay\"><a data-elementor-open-lightbox=\"yes\" data-elementor-lightbox-slideshow=\"5f68038\" class=\"full-link-lightbox\" aria-label=\"open image in lightbox\" href=\"https:\/\/www.dubai-marina-living.com\/wp-content\/uploads\/2025\/07\/sky-observatory.webp\"><\/a><\/div> <div class=\"color-overlay\"><\/div> <img decoding=\"async\" loading=\"lazy\" class=\"gallery-img\" src=\"https:\/\/www.dubai-marina-living.com\/wp-content\/uploads\/2025\/07\/sky-observatory.webp\" alt=\"Der Blick von der Spitze eines Geb\u00e4udes bei Sonnenuntergang\" title=\"\"> <\/figure><\/div><div class=\"masonry-item invisible \"><figure class=\"gallery-entry\" data-keyword0=\"Kultur\"  > <div class=\"caption-fixed caption-fixed--left caption-fixed--bottom\">Dubai Opera<\/div>  <div class=\"full-link-overlay\"><a data-elementor-open-lightbox=\"yes\" data-elementor-lightbox-slideshow=\"5f68038\" class=\"full-link-lightbox\" aria-label=\"open image in lightbox\" href=\"https:\/\/www.dubai-marina-living.com\/wp-content\/uploads\/2025\/07\/dubai-opera.webp\"><\/a><\/div> <div class=\"color-overlay\"><\/div> <img decoding=\"async\" loading=\"lazy\" class=\"gallery-img\" src=\"https:\/\/www.dubai-marina-living.com\/wp-content\/uploads\/2025\/07\/dubai-opera.webp\" alt=\"Nachts laufen Menschen vor einem Geb\u00e4ude herum\" title=\"\"> <\/figure><\/div><div class=\"masonry-item invisible \"><figure class=\"gallery-entry\" data-keyword0=\"Freizeit &amp; Erholung\"  > <div class=\"caption-fixed caption-fixed--left caption-fixed--bottom\">Dubai Marina Walk<\/div>  <div class=\"full-link-overlay\"><a data-elementor-open-lightbox=\"yes\" data-elementor-lightbox-slideshow=\"5f68038\" class=\"full-link-lightbox\" aria-label=\"open image in lightbox\" href=\"https:\/\/www.dubai-marina-living.com\/wp-content\/uploads\/2025\/07\/dubai-aktivitaeten.webp\"><\/a><\/div> <div class=\"color-overlay\"><\/div> <img decoding=\"async\" loading=\"lazy\" class=\"gallery-img\" src=\"https:\/\/www.dubai-marina-living.com\/wp-content\/uploads\/2025\/07\/dubai-aktivitaeten.webp\" alt=\"Ein Fluss, der durch eine Stadt neben hohen Geb\u00e4uden flie\u00dft\" title=\"\"> <\/figure><\/div><div class=\"masonry-item invisible \"><figure class=\"gallery-entry\" data-keyword0=\"Action\"  > <div class=\"caption-fixed caption-fixed--left caption-fixed--bottom\">W\u00fcstensafari<\/div>  <div class=\"full-link-overlay\"><a data-elementor-open-lightbox=\"yes\" data-elementor-lightbox-slideshow=\"5f68038\" class=\"full-link-lightbox\" aria-label=\"open image in lightbox\" href=\"https:\/\/www.dubai-marina-living.com\/wp-content\/uploads\/2025\/07\/wuestensafari-dubai.webp\"><\/a><\/div> <div class=\"color-overlay\"><\/div> <img decoding=\"async\" loading=\"lazy\" class=\"gallery-img\" src=\"https:\/\/www.dubai-marina-living.com\/wp-content\/uploads\/2025\/07\/wuestensafari-dubai.webp\" alt=\"Eine Gruppe von Menschen steht neben einem Auto in der W\u00fcste\" title=\"\"> <\/figure><\/div><div class=\"masonry-item invisible \"><figure class=\"gallery-entry\" data-keyword0=\"Kultur\"  > <div class=\"caption-fixed caption-fixed--left caption-fixed--bottom\">Jumeirah Mosque <\/div>  <div class=\"full-link-overlay\"><a data-elementor-open-lightbox=\"yes\" data-elementor-lightbox-slideshow=\"5f68038\" class=\"full-link-lightbox\" aria-label=\"open image in lightbox\" href=\"https:\/\/www.dubai-marina-living.com\/wp-content\/uploads\/2025\/07\/jumeirah-mosque.webp\"><\/a><\/div> <div class=\"color-overlay\"><\/div> <img decoding=\"async\" loading=\"lazy\" class=\"gallery-img\" src=\"https:\/\/www.dubai-marina-living.com\/wp-content\/uploads\/2025\/07\/jumeirah-mosque.webp\" alt=\"Ein gro\u00dfes wei\u00dfes Geb\u00e4ude mit einem Uhrenturm\" title=\"\"> <\/figure><\/div><div class=\"masonry-item invisible \"><figure class=\"gallery-entry\" data-keyword0=\"Freizeit &amp; Erholung\"  > <div class=\"caption-fixed caption-fixed--left caption-fixed--bottom\">The Beach at JBR<\/div>  <div class=\"full-link-overlay\"><a data-elementor-open-lightbox=\"yes\" data-elementor-lightbox-slideshow=\"5f68038\" class=\"full-link-lightbox\" aria-label=\"open image in lightbox\" href=\"https:\/\/www.dubai-marina-living.com\/wp-content\/uploads\/2025\/07\/jbr-beach.webp\"><\/a><\/div> <div class=\"color-overlay\"><\/div> <img decoding=\"async\" loading=\"lazy\" class=\"gallery-img\" src=\"https:\/\/www.dubai-marina-living.com\/wp-content\/uploads\/2025\/07\/jbr-beach.webp\" alt=\"Eine Luftaufnahme eines Strandes mit einer Stadt im Hintergrund\" title=\"\"> <\/figure><\/div>    <\/div>\r\n    <div class=\"gallery-navigation\">\r\n        <a class=\"load-more\" href=\"javascript:;\" aria-label=\"load more\" ><div class=\"navigation-button hide\">mehr anzeigen<\/div><\/a>\r\n        <a class=\"load-less\" href=\"javascript:;\" aria-label=\"load less\" ><div class=\"navigation-button\">weniger anzeigen<\/div><\/a>\r\n    <\/div>\r\n<\/div>\r\n\r\n    \t\t\t\t<\/div>\n\t\t\t\t<\/div>\n\t\t\t\t\t<\/div>\n\t\t\t\t<\/div>\n\t\t\t\t<\/div>\n\t\t","protected":false},"excerpt":{"rendered":"<p>Activities in Dubai Whether spectacular architecture, luxurious shopping or adventures in the desert &#8211; Dubai offers experiences to remember. Experience the diversity of the desert metropolis Dubai is a city of superlatives &#8211; and that&#8217;s exactly what makes it so fascinating. Between the glittering skyline, endless desert and turquoise blue sea, a world full of [&hellip;]<\/p>\n","protected":false},"author":2,"featured_media":2199,"parent":0,"menu_order":0,"comment_status":"closed","ping_status":"closed","template":"","meta":{"_acf_changed":false,"footnotes":""},"folder":[],"class_list":["post-2240","page","type-page","status-publish","has-post-thumbnail","hentry"],"acf":[],"_links":{"self":[{"href":"https:\/\/www.dubai-marina-living.com\/en\/wp-json\/wp\/v2\/pages\/2240","targetHints":{"allow":["GET"]}}],"collection":[{"href":"https:\/\/www.dubai-marina-living.com\/en\/wp-json\/wp\/v2\/pages"}],"about":[{"href":"https:\/\/www.dubai-marina-living.com\/en\/wp-json\/wp\/v2\/types\/page"}],"author":[{"embeddable":true,"href":"https:\/\/www.dubai-marina-living.com\/en\/wp-json\/wp\/v2\/users\/2"}],"replies":[{"embeddable":true,"href":"https:\/\/www.dubai-marina-living.com\/en\/wp-json\/wp\/v2\/comments?post=2240"}],"version-history":[{"count":1,"href":"https:\/\/www.dubai-marina-living.com\/en\/wp-json\/wp\/v2\/pages\/2240\/revisions"}],"predecessor-version":[{"id":2245,"href":"https:\/\/www.dubai-marina-living.com\/en\/wp-json\/wp\/v2\/pages\/2240\/revisions\/2245"}],"wp:featuredmedia":[{"embeddable":true,"href":"https:\/\/www.dubai-marina-living.com\/en\/wp-json\/wp\/v2\/media\/2199"}],"wp:attachment":[{"href":"https:\/\/www.dubai-marina-living.com\/en\/wp-json\/wp\/v2\/media?parent=2240"}],"wp:term":[{"taxonomy":"folder","embeddable":true,"href":"https:\/\/www.dubai-marina-living.com\/en\/wp-json\/wp\/v2\/folder?post=2240"}],"curies":[{"name":"wp","href":"https:\/\/api.w.org\/{rel}","templated":true}]}}